{"id":79,"date":"2014-04-04T22:44:24","date_gmt":"2014-04-04T22:44:24","guid":{"rendered":"http:\/\/www.m.passioninmylife.nstrefa.pl\/?page_id=79"},"modified":"2024-05-15T22:05:16","modified_gmt":"2024-05-15T22:05:16","slug":"electronica","status":"publish","type":"page","link":"https:\/\/bmwymods.es\/?page_id=79","title":{"rendered":"Electr\u00f3nica"},"content":{"rendered":"<table style=\"background-color: #fafafa; border-top-left-radius: 8px; border-top-right-radius: 8px; border-bottom-right-radius: 8px; border-bottom-left-radius: 8px;\" border=\"0\" align=\"center\">\n<tbody>\n<tr>\n<td>\n<hr \/>\n<p><img decoding=\"async\" loading=\"lazy\" class=\"size-full wp-image-227 alignleft\" src=\"https:\/\/bmwymods.es\/wp-content\/uploads\/2014\/04\/electronica.jpg\" alt=\"\" width=\"350\" height=\"256\" srcset=\"https:\/\/bmwymods.es\/wp-content\/uploads\/2014\/04\/electronica.jpg 350w, https:\/\/bmwymods.es\/wp-content\/uploads\/2014\/04\/electronica-300x219.jpg 300w\" sizes=\"(max-width: 350px) 100vw, 350px\" \/>En el grupo BMW\u00a0<strong><span style=\"color: #ff0000;\">Y<\/span>mods<\/strong> se integran importantes empresas nacionales y europeas especializadas en electr\u00f3nica del autom\u00f3vil, podemos ofrecer a nuestros clientes todas las opciones de modificaci\u00f3n de la electr\u00f3nica de su autom\u00f3vil, desde reprogramaciones especificas, centralitas adicionales, reprogramaci\u00f3n por obd2, modificaciones por bdm, centralitas a\u00f1adidas reprogramables y centralitas de sustituci\u00f3n de la original tipo standalone .<\/p>\n<p style=\"text-align: left;\">En BMW\u00a0<strong><span style=\"color: #ff0000;\">Y<\/span>mods<\/strong> contamos con el m\u00e1s amplio catalogo de productos y soluciones electr\u00f3nicas de modificaci\u00f3n para tu veh\u00edculos, abarcando desde los \u00faltimos modelos que han salido al mercado hasta veh\u00edculos cl\u00e1sicos a los que se les puede adaptar los \u00faltimos avances de gesti\u00f3n de electr\u00f3nica moderna.<\/p>\n<p style=\"text-align: left;\">En BMW\u00a0<strong><span style=\"color: #ff0000;\">Y<\/span>mods<\/strong> podemos solucionar problemas de gesti\u00f3n del motor derivados de adaptaci\u00f3n de mec\u00e1nicas turbo y sobrealimentadas a coches atmosf\u00e9ricos.<\/p>\n<p style=\"text-align: left;\">Disponemos a su vez de un equipo de ingenieros que efect\u00faan el seguimiento de las modificaciones para ajustar del modo mas exhaustivo posible la electr\u00f3nica de tu vehiculo.<\/p>\n<p style=\"text-align: left;\">La relaci\u00f3n calidad-precio y servicio t\u00e9cnico de post-venta de BMW\u00a0<strong><span style=\"color: #ff0000;\">Y<\/span>mods<\/strong> es nuestro punto fuerte.<\/p>\n<p style=\"text-align: center;\">[table \u201c19\u201d not found \/]<br \/>\n<\/p>\n<hr \/>\n<\/td>\n<\/tr>\n<\/tbody>\n<\/table>\n<table id=\"1\" style=\"height: 155px; width: 554px; background-image: url('http:\/\/www.m.passioninmylife.nstrefa.pl\/wp-content\/uploads\/2014\/05\/tabelka-ciemna-ramka1.png');\" border=\"0\" cellspacing=\"0\" cellpadding=\"0\">\n<tbody>\n<tr>\n<td style=\"width: 170px;\" rowspan=\"2\"><img decoding=\"async\" loading=\"lazy\" class=\"alignnone size-full wp-image-1354\" src=\"https:\/\/bmwymods.es\/wp-content\/uploads\/2014\/05\/chip.jpg\" alt=\"\" width=\"400\" height=\"300\" srcset=\"https:\/\/bmwymods.es\/wp-content\/uploads\/2014\/05\/chip.jpg 400w, https:\/\/bmwymods.es\/wp-content\/uploads\/2014\/05\/chip-150x112.jpg 150w, https:\/\/bmwymods.es\/wp-content\/uploads\/2014\/05\/chip-300x225.jpg 300w\" sizes=\"(max-width: 400px) 100vw, 400px\" \/><\/td>\n<td style=\"width: 250px; height: 50px; text-align: center;\">\n<pre><strong><span style=\"text-align: right;\">Eprom chip<\/span><\/strong><\/pre>\n<\/td>\n<td style=\"text-align: left; width: 70px;\"><\/td>\n<\/tr>\n<tr>\n<td style=\"width: 250px; text-align: left;\" valign=\"top\">Chip E30 318is<br \/>\nChip E30 325i<br \/>\nChip E34 524td<\/td>\n<td style=\"text-align: left; width: 70px;\" valign=\"top\">150\u20ac<br \/>\n150\u20ac<br \/>\n150\u20ac<a title=\"Tornillos\" href=\"http:\/\/www.m.passioninmylife.nstrefa.pl\/tornillos\/\"><br \/>\n<\/a><\/td>\n<\/tr>\n<\/tbody>\n<\/table>\n<table id=\"1\" style=\"height: 155px; width: 554px; background-image: url('http:\/\/www.m.passioninmylife.nstrefa.pl\/wp-content\/uploads\/2014\/05\/tabelka-ciemna-ramka1.png');\" border=\"0\" cellspacing=\"0\" cellpadding=\"0\">\n<tbody>\n<tr>\n<td style=\"width: 170px;\" rowspan=\"2\"><img decoding=\"async\" loading=\"lazy\" class=\"alignnone size-full wp-image-1324\" src=\"https:\/\/bmwymods.es\/wp-content\/uploads\/2014\/04\/OBD2-BDM-chip.jpg\" alt=\"\" width=\"400\" height=\"300\" srcset=\"https:\/\/bmwymods.es\/wp-content\/uploads\/2014\/04\/OBD2-BDM-chip.jpg 400w, https:\/\/bmwymods.es\/wp-content\/uploads\/2014\/04\/OBD2-BDM-chip-150x112.jpg 150w, https:\/\/bmwymods.es\/wp-content\/uploads\/2014\/04\/OBD2-BDM-chip-300x225.jpg 300w\" sizes=\"(max-width: 400px) 100vw, 400px\" \/><\/td>\n<td style=\"width: 250px; height: 50px; text-align: center;\">\n<pre><strong><span style=\"text-align: right;\">OBD2 BDM chip<\/span><\/strong><\/pre>\n<\/td>\n<td style=\"text-align: left; width: 70px;\"><\/td>\n<\/tr>\n<tr>\n<td style=\"width: 250px; text-align: left;\" valign=\"top\"><span style=\"text-align: right;\">Repro E46 320d<br \/>\n<\/span>Pepro E39 530d<\/td>\n<td style=\"text-align: left; width: 70px;\" valign=\"top\">350\u20ac<br \/>\n350\u20ac<a title=\"Tornillos\" href=\"http:\/\/www.m.passioninmylife.nstrefa.pl\/tornillos\/\"><br \/>\n<\/a><\/td>\n<\/tr>\n<\/tbody>\n<\/table>\n<table id=\"1\" style=\"height: 155px; width: 554px; background-image: url('http:\/\/www.m.passioninmylife.nstrefa.pl\/wp-content\/uploads\/2014\/05\/tabelka-ciemna-ramka1.png');\" border=\"0\" cellspacing=\"0\" cellpadding=\"0\">\n<tbody>\n<tr>\n<td style=\"width: 170px;\" rowspan=\"2\"><img decoding=\"async\" loading=\"lazy\" class=\"size-full wp-image-1326 aligncenter\" src=\"https:\/\/bmwymods.es\/wp-content\/uploads\/2014\/04\/v-tech-rts1.jpg\" alt=\"\" width=\"400\" height=\"300\" srcset=\"https:\/\/bmwymods.es\/wp-content\/uploads\/2014\/04\/v-tech-rts1.jpg 400w, https:\/\/bmwymods.es\/wp-content\/uploads\/2014\/04\/v-tech-rts1-150x112.jpg 150w, https:\/\/bmwymods.es\/wp-content\/uploads\/2014\/04\/v-tech-rts1-300x225.jpg 300w\" sizes=\"(max-width: 400px) 100vw, 400px\" \/><\/td>\n<td style=\"width: 250px; height: 50px; text-align: center;\">\n<pre><strong><span style=\"text-align: right;\">RTS<\/span><\/strong><\/pre>\n<\/td>\n<td style=\"text-align: left; width: 70px;\"><\/td>\n<\/tr>\n<tr>\n<td style=\"width: 250px; text-align: left;\" valign=\"top\"><span style=\"text-align: right;\">RTS V-tech X5<\/span><\/td>\n<td style=\"text-align: left; width: 70px;\" valign=\"top\">600\u20ac<br \/>\n<a title=\"Tornillos\" href=\"http:\/\/www.m.passioninmylife.nstrefa.pl\/tornillos\/\"><br \/>\n<\/a><\/td>\n<\/tr>\n<\/tbody>\n<\/table>\n<table id=\"1\" style=\"height: 155px; width: 554px; background-image: url('http:\/\/www.m.passioninmylife.nstrefa.pl\/wp-content\/uploads\/2014\/05\/tabelka-ciemna-ramka1.png');\" border=\"0\" cellspacing=\"0\" cellpadding=\"0\">\n<tbody>\n<tr>\n<td style=\"width: 170px;\" rowspan=\"2\"><img decoding=\"async\" loading=\"lazy\" class=\"alignnone size-full wp-image-813\" src=\"https:\/\/bmwymods.es\/wp-content\/uploads\/2014\/04\/redbox_1_11.jpg\" alt=\"\" width=\"800\" height=\"496\" srcset=\"https:\/\/bmwymods.es\/wp-content\/uploads\/2014\/04\/redbox_1_11.jpg 800w, https:\/\/bmwymods.es\/wp-content\/uploads\/2014\/04\/redbox_1_11-300x186.jpg 300w\" sizes=\"(max-width: 800px) 100vw, 800px\" \/><\/td>\n<td style=\"width: 250px; height: 50px; text-align: center;\">\n<pre><strong><span style=\"text-align: right;\">Modulo externo programable P&amp;P<\/span><\/strong><\/pre>\n<\/td>\n<td style=\"text-align: left; width: 70px;\"><\/td>\n<\/tr>\n<tr>\n<td style=\"width: 250px; text-align: left;\" valign=\"top\"><span style=\"text-align: right;\">PowerBox E34 525tds<br \/>\n<\/span>PowerBox \u00a0E46 \u00a0330d<\/td>\n<td style=\"text-align: left; width: 70px;\" valign=\"top\">250\u20ac<br \/>\n300\u20ac<\/td>\n<\/tr>\n<\/tbody>\n<\/table>\n<table id=\"1\" style=\"height: 155px; width: 554px; background-image: url('http:\/\/www.m.passioninmylife.nstrefa.pl\/wp-content\/uploads\/2014\/05\/tabelka-ciemna-ramka1.png');\" border=\"0\" cellspacing=\"0\" cellpadding=\"0\">\n<tbody>\n<tr>\n<td style=\"width: 170px;\" rowspan=\"2\"><img decoding=\"async\" loading=\"lazy\" class=\"wp-image-3444 aligncenter\" src=\"https:\/\/bmwymods.es\/wp-content\/uploads\/2014\/04\/modulo-de-control-TURBO-MC3-150x84.jpg\" alt=\"\" width=\"146\" height=\"82\" srcset=\"https:\/\/bmwymods.es\/wp-content\/uploads\/2014\/04\/modulo-de-control-TURBO-MC3-150x84.jpg 150w, https:\/\/bmwymods.es\/wp-content\/uploads\/2014\/04\/modulo-de-control-TURBO-MC3-300x169.jpg 300w, https:\/\/bmwymods.es\/wp-content\/uploads\/2014\/04\/modulo-de-control-TURBO-MC3-768x432.jpg 768w, https:\/\/bmwymods.es\/wp-content\/uploads\/2014\/04\/modulo-de-control-TURBO-MC3-1024x576.jpg 1024w\" sizes=\"(max-width: 146px) 100vw, 146px\" \/><\/td>\n<td style=\"width: 250px; height: 50px; text-align: center;\"><strong style=\"font-family: Consolas, Monaco, monospace; font-size: 12px; line-height: 18px; text-align: right;\">Modulo externo programable PRO<\/strong><\/td>\n<td style=\"text-align: left; width: 70px;\"><\/td>\n<\/tr>\n<tr>\n<td style=\"width: 250px; text-align: left;\" valign=\"top\"><span style=\"text-align: right;\">modulo de control TURBO\u00a0 MC2<\/span><br \/>\n<span style=\"text-align: right;\">modulo de control TURBO\u00a0 MC3<br \/>\n<\/span><\/td>\n<td style=\"text-align: left; width: 70px;\" valign=\"top\">180\u20ac<br \/>\n220\u20ac<a title=\"Tornillos\" href=\"http:\/\/www.m.passioninmylife.nstrefa.pl\/tornillos\/\"><br \/>\n<\/a><\/td>\n<\/tr>\n<\/tbody>\n<\/table>\n<table id=\"1\" style=\"height: 155px; width: 554px; background-image: url('http:\/\/www.m.passioninmylife.nstrefa.pl\/wp-content\/uploads\/2014\/05\/tabelka-ciemna-ramka1.png');\" border=\"0\" cellspacing=\"0\" cellpadding=\"0\">\n<tbody>\n<tr>\n<td style=\"width: 170px;\" rowspan=\"2\"><\/td>\n<td style=\"width: 250px; height: 50px; text-align: center;\">\n<pre><strong><span style=\"text-align: right;\">Centralita programable STANDALONE<\/span><\/strong><\/pre>\n<\/td>\n<td style=\"text-align: left; width: 70px;\"><a title=\"Ecumaster EMU\" href=\"http:\/\/www.m.passioninmylife.nstrefa.pl\/standalon-emu\/\">\u00a0<\/a><\/td>\n<\/tr>\n<tr>\n<td style=\"width: 250px; text-align: left;\" valign=\"top\"><\/td>\n<td style=\"text-align: left; width: 70px;\" valign=\"top\"><strong><a title=\"Ecumaster EMU\" href=\"http:\/\/www.m.passioninmylife.nstrefa.pl\/standalon-emu\/\">600\u20ac<\/a><\/strong><\/td>\n<\/tr>\n<\/tbody>\n<\/table>\n<table id=\"1\" style=\"height: 155px; width: 554px; background-image: url('http:\/\/www.m.passioninmylife.nstrefa.pl\/wp-content\/uploads\/2014\/05\/tabelka-ciemna-ramka1.png');\" border=\"0\" cellspacing=\"0\" cellpadding=\"0\">\n<tbody>\n<tr>\n<td style=\"width: 170px;\" rowspan=\"2\"><img decoding=\"async\" loading=\"lazy\" class=\"size-full wp-image-1319 aligncenter\" src=\"https:\/\/bmwymods.es\/wp-content\/uploads\/2014\/04\/diagnosis.jpg\" alt=\"\" width=\"400\" height=\"300\" srcset=\"https:\/\/bmwymods.es\/wp-content\/uploads\/2014\/04\/diagnosis.jpg 400w, https:\/\/bmwymods.es\/wp-content\/uploads\/2014\/04\/diagnosis-150x112.jpg 150w, https:\/\/bmwymods.es\/wp-content\/uploads\/2014\/04\/diagnosis-300x225.jpg 300w\" sizes=\"(max-width: 400px) 100vw, 400px\" \/><\/td>\n<td style=\"width: 250px; height: 50px; text-align: center;\">\n<pre><strong><span style=\"text-align: right;\">Diagnosis<\/span><\/strong><\/pre>\n<\/td>\n<td style=\"text-align: left; width: 70px;\"><\/td>\n<\/tr>\n<tr>\n<td style=\"width: 250px; text-align: left;\" valign=\"top\"><span style=\"text-align: right;\">Diagnosis BMW OBDII<br \/>\n<\/span>Escanear multimarca \u00a0OBD II<\/td>\n<td style=\"text-align: left; width: 70px;\" valign=\"top\">150\u20ac<br \/>\n600\u20ac<\/td>\n<\/tr>\n<\/tbody>\n<\/table>\n<table id=\"1\" style=\"height: 155px; width: 554px; background-image: url('http:\/\/www.m.passioninmylife.nstrefa.pl\/wp-content\/uploads\/2014\/05\/tabelka-ciemna-ramka1.png');\" border=\"0\" cellspacing=\"0\" cellpadding=\"0\">\n<tbody>\n<tr>\n<td style=\"width: 170px;\" rowspan=\"2\"><img decoding=\"async\" loading=\"lazy\" class=\"size-full wp-image-819 aligncenter\" src=\"https:\/\/bmwymods.es\/wp-content\/uploads\/2014\/04\/conectores.jpg\" alt=\"\" width=\"165\" height=\"124\" \/><\/td>\n<td style=\"width: 250px; height: 50px; text-align: center;\">\n<pre><strong><span style=\"text-align: right;\">Cableado y conectores<\/span><\/strong><\/pre>\n<\/td>\n<td style=\"text-align: left; width: 70px;\"><\/td>\n<\/tr>\n<tr>\n<td style=\"width: 250px; text-align: left;\" valign=\"top\"><span style=\"text-align: right;\">Instalaci\u00f3n el\u00e9ctrica \u00a0completa E39 M51<br \/>\n<\/span>Instalaci\u00f3n el\u00e9ctrica SWAP E30 M50<br \/>\nInstalaci\u00f3n el\u00e9ctrica SWAP E30 M60<\/td>\n<td style=\"text-align: left; width: 70px;\" valign=\"top\">120\u20ac<br \/>\n120\u20ac<br \/>\n120\u20ac<\/td>\n<\/tr>\n<\/tbody>\n<\/table>\n<table id=\"1\" style=\"height: 155px; width: 554px; background-image: url('http:\/\/www.m.passioninmylife.nstrefa.pl\/wp-content\/uploads\/2014\/05\/tabelka-ciemna-ramka1.png');\" border=\"0\" cellspacing=\"0\" cellpadding=\"0\">\n<tbody>\n<tr>\n<td style=\"width: 170px;\" rowspan=\"2\"><img decoding=\"async\" loading=\"lazy\" class=\"size-full wp-image-1325 aligncenter\" src=\"https:\/\/bmwymods.es\/wp-content\/uploads\/2014\/04\/sensores.jpg\" alt=\"\" width=\"400\" height=\"300\" srcset=\"https:\/\/bmwymods.es\/wp-content\/uploads\/2014\/04\/sensores.jpg 400w, https:\/\/bmwymods.es\/wp-content\/uploads\/2014\/04\/sensores-150x112.jpg 150w, https:\/\/bmwymods.es\/wp-content\/uploads\/2014\/04\/sensores-300x225.jpg 300w\" sizes=\"(max-width: 400px) 100vw, 400px\" \/><\/td>\n<td style=\"width: 250px; height: 50px; text-align: center;\">\n<pre><strong><span style=\"text-align: right;\">Sensores<\/span><\/strong><\/pre>\n<\/td>\n<td style=\"text-align: left; width: 70px;\"><\/td>\n<\/tr>\n<tr>\n<td style=\"width: 250px; text-align: left;\" valign=\"top\"><span style=\"text-align: right;\">Sensor \u00a0de \u00a0temperatura motor M20<br \/>\n<\/span>Sensor de \u00a0revoluciones \u00a0BOSCH motor M50 Caudalimetro \u00a0nuevo \u00a0motor M57<br \/>\nCaudalimetro usado motor M60<\/td>\n<td style=\"text-align: left; width: 70px;\" valign=\"top\">15\u20ac<br \/>\n52\u20ac<br \/>\n300\u20ac<br \/>\n70\u20ac<\/td>\n<\/tr>\n<\/tbody>\n<\/table>\n<table id=\"1\" style=\"height: 155px; width: 554px; background-image: url('http:\/\/www.m.passioninmylife.nstrefa.pl\/wp-content\/uploads\/2014\/05\/tabelka-ciemna-ramka1.png');\" border=\"0\" cellspacing=\"0\" cellpadding=\"0\">\n<tbody>\n<tr>\n<td style=\"width: 170px;\" rowspan=\"2\"><img decoding=\"async\" loading=\"lazy\" style=\"border-top-left-radius: 8px; border-top-right-radius: 8px; border-bottom-right-radius: 8px; border-bottom-left-radius: 8px; margin: 5px 15px;\" src=\"http:\/\/www.m.passioninmylife.nstrefa.pl\/wp-content\/uploads\/2014\/04\/moduly-150x112.jpg\" alt=\"moduly\" width=\"150\" height=\"150\" \/><img decoding=\"async\" loading=\"lazy\" class=\"alignnone size-full wp-image-1323\" src=\"https:\/\/bmwymods.es\/wp-content\/uploads\/2014\/04\/moduly.jpg\" alt=\"\" width=\"400\" height=\"300\" srcset=\"https:\/\/bmwymods.es\/wp-content\/uploads\/2014\/04\/moduly.jpg 400w, https:\/\/bmwymods.es\/wp-content\/uploads\/2014\/04\/moduly-150x112.jpg 150w, https:\/\/bmwymods.es\/wp-content\/uploads\/2014\/04\/moduly-300x225.jpg 300w\" sizes=\"(max-width: 400px) 100vw, 400px\" \/><\/td>\n<td style=\"width: 250px; height: 50px; text-align: center;\">\n<pre><strong><span style=\"text-align: right;\">Reles y modulos orginales<\/span><\/strong><\/pre>\n<\/td>\n<td style=\"text-align: left; width: 70px;\"><\/td>\n<\/tr>\n<tr>\n<td style=\"width: 250px; text-align: left;\" valign=\"top\"><span style=\"text-align: right;\">Centralita de sierre centralizado E30<br \/>\n<\/span>Modulo de luces Xenon BMW E39<br \/>\nCentralita ABS BMW E36<\/td>\n<td style=\"text-align: left; width: 70px;\" valign=\"top\">40\u20ac<br \/>\n100\u20ac<br \/>\n60\u20ac<\/td>\n<\/tr>\n<\/tbody>\n<\/table>\n<table id=\"1\" style=\"height: 155px; width: 554px; background-image: url('http:\/\/www.m.passioninmylife.nstrefa.pl\/wp-content\/uploads\/2014\/05\/tabelka-ciemna-ramka1.png');\" border=\"0\" cellspacing=\"0\" cellpadding=\"0\">\n<tbody>\n<tr>\n<td style=\"width: 170px;\" rowspan=\"2\"><img decoding=\"async\" loading=\"lazy\" class=\"size-full wp-image-1320 aligncenter\" src=\"https:\/\/bmwymods.es\/wp-content\/uploads\/2014\/04\/ecu-orginal.jpg\" alt=\"\" width=\"400\" height=\"300\" srcset=\"https:\/\/bmwymods.es\/wp-content\/uploads\/2014\/04\/ecu-orginal.jpg 400w, https:\/\/bmwymods.es\/wp-content\/uploads\/2014\/04\/ecu-orginal-150x112.jpg 150w, https:\/\/bmwymods.es\/wp-content\/uploads\/2014\/04\/ecu-orginal-300x225.jpg 300w\" sizes=\"(max-width: 400px) 100vw, 400px\" \/><\/td>\n<td style=\"width: 250px; height: 50px; text-align: center;\">\n<pre><strong><span style=\"text-align: right;\">Ecu orginal\n<\/span><\/strong><\/pre>\n<\/td>\n<td style=\"text-align: left; width: 70px;\"><\/td>\n<\/tr>\n<tr>\n<td style=\"width: 250px; text-align: left;\" valign=\"top\"><span style=\"text-align: right;\">Centralita ECU motor M20<br \/>\n<\/span>Centralita ECU motor M50<br \/>\nCentralita ECU motor M57<\/td>\n<td style=\"text-align: left; width: 70px;\" valign=\"top\">150\u20ac<br \/>\n150\u20ac<br \/>\n200\u20ac<\/td>\n<\/tr>\n<\/tbody>\n<\/table>\n<p><!--Start of Zopim Live Chat Script--><br \/>\n<script type=\"text\/javascript\">\/\/ <![CDATA[ window.$zopim||(function(d,s){var z=$zopim=function(c){z._.push(c)},$=z.s= d.createElement(s),e=d.getElementsByTagName(s)[0];z.set=function(o){z.set. _.push(o)};z._=[];z.set._=[];$.async=!0;$.setAttribute('charset','utf-8'); $.src='\/\/v2.zopim.com\/?2a5MeTv3ePnFNo9JLBqvh9atBI5H72V8';z.t=+new Date;$. type='text\/javascript';e.parentNode.insertBefore($,e)})(document,'script'); \/\/ ]]><\/script><br \/>\n<!--End of Zopim Live Chat Script--><\/p>\n<p><script type=\"text\/javascript\">\/\/ <![CDATA[ (function(i,s,o,g,r,a,m){i['GoogleAnalyticsObject']=r;i[r]=i[r]||function(){ (i[r].q=i[r].q||[]).push(arguments)},i[r].l=1*new Date();a=s.createElement(o), m=s.getElementsByTagName(o)[0];a.async=1;a.src=g;m.parentNode.insertBefore(a,m) })(window,document,'script','\/\/www.google-analytics.com\/analytics.js','ga'); ga('create', 'UA-56873101-1', 'auto'); ga('send', 'pageview'); \/\/ ]]><\/script><\/p>\n","protected":false},"excerpt":{"rendered":"<p>En el grupo BMW\u00a0Ymods se integran importantes empresas nacionales y europeas especializadas en electr\u00f3nica del autom\u00f3vil, podemos ofrecer a nuestros clientes todas las opciones de modificaci\u00f3n de la electr\u00f3nica de su autom\u00f3vil, desde reprogramaciones especificas, centralitas adicionales, reprogramaci\u00f3n por obd2, modificaciones por bdm, centralitas a\u00f1adidas reprogramables y centralitas de sustituci\u00f3n de la original tipo standalone [&hellip;]<\/p>\n","protected":false},"author":1,"featured_media":0,"parent":0,"menu_order":0,"comment_status":"closed","ping_status":"open","template":"","meta":[],"_links":{"self":[{"href":"https:\/\/bmwymods.es\/index.php?rest_route=\/wp\/v2\/pages\/79"}],"collection":[{"href":"https:\/\/bmwymods.es\/index.php?rest_route=\/wp\/v2\/pages"}],"about":[{"href":"https:\/\/bmwymods.es\/index.php?rest_route=\/wp\/v2\/types\/page"}],"author":[{"embeddable":true,"href":"https:\/\/bmwymods.es\/index.php?rest_route=\/wp\/v2\/users\/1"}],"replies":[{"embeddable":true,"href":"https:\/\/bmwymods.es\/index.php?rest_route=%2Fwp%2Fv2%2Fcomments&post=79"}],"version-history":[{"count":48,"href":"https:\/\/bmwymods.es\/index.php?rest_route=\/wp\/v2\/pages\/79\/revisions"}],"predecessor-version":[{"id":3754,"href":"https:\/\/bmwymods.es\/index.php?rest_route=\/wp\/v2\/pages\/79\/revisions\/3754"}],"wp:attachment":[{"href":"https:\/\/bmwymods.es\/index.php?rest_route=%2Fwp%2Fv2%2Fmedia&parent=79"}],"curies":[{"name":"wp","href":"https:\/\/api.w.org\/{rel}","templated":true}]}}