{"id":2497,"date":"2014-11-22T13:51:05","date_gmt":"2014-11-22T13:51:05","guid":{"rendered":"https:\/\/bmwymods.es\/?page_id=2497"},"modified":"2024-05-15T22:35:09","modified_gmt":"2024-05-15T22:35:09","slug":"separadores","status":"publish","type":"page","link":"https:\/\/bmwymods.es\/?page_id=2497","title":{"rendered":"Separadores"},"content":{"rendered":"<table style=\"background-color: #fafafa; border-top-left-radius: 8px; border-top-right-radius: 8px; border-bottom-right-radius: 8px; border-bottom-left-radius: 8px;\" border=\"0\" align=\"center\">\n<tbody>\n<tr>\n<td style=\"text-align: left;\">\n<hr \/>\n<p><img decoding=\"async\" loading=\"lazy\" class=\" wp-image-2547 alignleft\" src=\"https:\/\/bmwymods.es\/wp-content\/uploads\/2014\/11\/separadores1-300x274.jpg\" alt=\"separadores1\" width=\"270\" height=\"247\" srcset=\"https:\/\/bmwymods.es\/wp-content\/uploads\/2014\/11\/separadores1-300x274.jpg 300w, https:\/\/bmwymods.es\/wp-content\/uploads\/2014\/11\/separadores1-150x137.jpg 150w, https:\/\/bmwymods.es\/wp-content\/uploads\/2014\/11\/separadores1.jpg 671w\" sizes=\"(max-width: 270px) 100vw, 270px\" \/><\/p>\n<p style=\"text-align: left;\"><em><strong><span style=\"color: #ff0000;\"><span style=\"color: #000000;\">Separadores<\/span> Y<span style=\"color: #000000;\">mods<\/span><\/span><\/strong><br \/>\n<\/em><\/p>\n<p style=\"text-align: left;\"><span style=\"font-family: arial, helvetica, sans-serif;\"><strong><span style=\"color: #000000;\">Bmw<span style=\"color: #ff0000;\">Y<\/span>mods<\/span><\/strong> ofrece separadores de rueda de alumino. Los separadores de ruedas son separadores de metal que se instalan entre la rueda y el \u00e1rea de montaje de la rueda en el eje, reubicando la rueda m\u00e1s alejada del chasis y la suspensi\u00f3n.<\/span><\/p>\n<p><span style=\"text-align: left; font-size: small;\"><strong>*<\/strong> Coche es mas estable y se conduce mejor.<\/span><br \/>\n<span style=\"text-align: left; font-size: small;\"><strong> *<\/strong> Aumentan del nivel de agarre<\/span><br \/>\n<span style=\"text-align: left; font-size: small;\"><strong> *<\/strong> Enancharan la v\u00eda.<\/span><br \/>\n<span style=\"text-align: left; font-size: small;\"><strong> *<\/strong> Veh\u00edculo se vea mejor, m\u00e1s agresivo<br \/>\n<\/span><\/p>\n<p><a href=\"https:\/\/bmwymods.es\/wp-content\/uploads\/2014\/11\/separadores2.jpg\"><img decoding=\"async\" loading=\"lazy\" class=\"size-thumbnail wp-image-2561 alignleft\" src=\"https:\/\/bmwymods.es\/wp-content\/uploads\/2014\/11\/separadores2-150x137.jpg\" alt=\"separadores2\" width=\"150\" height=\"137\" srcset=\"https:\/\/bmwymods.es\/wp-content\/uploads\/2014\/11\/separadores2-150x137.jpg 150w, https:\/\/bmwymods.es\/wp-content\/uploads\/2014\/11\/separadores2-300x274.jpg 300w, https:\/\/bmwymods.es\/wp-content\/uploads\/2014\/11\/separadores2.jpg 671w\" sizes=\"(max-width: 150px) 100vw, 150px\" \/><\/a><a href=\"https:\/\/bmwymods.es\/wp-content\/uploads\/2014\/11\/separadores1.jpg\"><img decoding=\"async\" loading=\"lazy\" class=\"alignleft size-thumbnail wp-image-2547\" src=\"https:\/\/bmwymods.es\/wp-content\/uploads\/2014\/11\/separadores1-150x137.jpg\" alt=\"separadores1\" width=\"150\" height=\"137\" srcset=\"https:\/\/bmwymods.es\/wp-content\/uploads\/2014\/11\/separadores1-150x137.jpg 150w, https:\/\/bmwymods.es\/wp-content\/uploads\/2014\/11\/separadores1-300x274.jpg 300w, https:\/\/bmwymods.es\/wp-content\/uploads\/2014\/11\/separadores1.jpg 671w\" sizes=\"(max-width: 150px) 100vw, 150px\" \/><\/a><\/p>\n<hr \/>\n<\/td>\n<\/tr>\n<\/tbody>\n<\/table>\n<table id=\"1\" style=\"height: 155px; width: 554px; background-image: url('http:\/\/www.m.passioninmylife.nstrefa.pl\/wp-content\/uploads\/2014\/05\/tabelka-ciemna-ramka1.png');\" border=\"0\" cellspacing=\"0\" cellpadding=\"0\">\n<tbody>\n<tr>\n<td style=\"width: 170px;\" rowspan=\"2\"><img decoding=\"async\" loading=\"lazy\" style=\"border-top-left-radius: 8px; border-top-right-radius: 8px; border-bottom-right-radius: 8px; border-bottom-left-radius: 8px; margin: 5px 15px;\" src=\"https:\/\/bmwymods.es\/wp-content\/uploads\/2014\/04\/plates-150x112.jpg\" alt=\"plates\" width=\"150\" height=\"112\" \/><\/td>\n<td style=\"width: 250px; height: 50px; text-align: center;\"><span style=\"font-family: 'arial black', 'avant garde'; font-size: small;\"><span style=\"line-height: 13px;\">SEPARADORES 4&#215;100 <span style=\"color: #ff0000;\">5mm<\/span>\u00a0Bmw<span style=\"color: #ff0000;\">Y<\/span>mods (e21, e30)<\/span><\/span><\/td>\n<td style=\"text-align: left; width: 70px;\"><\/td>\n<\/tr>\n<tr>\n<td style=\"width: 250px; text-align: center;\" align=\"center\" valign=\"top\">\n<strong>4 Separadores 4&#215;100 5mm orificio 57mm<br \/>\n<\/strong><strong>69\u20ac + 9\u20ac env\u00edo<\/strong><\/td>\n<td style=\"width: 70px; text-align: center;\" valign=\"top\"><strong>Cada pr\u00f3xima pieza solo 1\u20ac (env\u00edo)\u00a0<\/strong><\/td>\n<\/tr>\n<\/tbody>\n<\/table>\n<table id=\"1\" style=\"height: 155px; width: 554px; background-image: url('http:\/\/www.m.passioninmylife.nstrefa.pl\/wp-content\/uploads\/2014\/05\/tabelka-ciemna-ramka1.png');\" border=\"0\" cellspacing=\"0\" cellpadding=\"0\">\n<tbody>\n<tr>\n<td style=\"width: 170px;\" rowspan=\"2\"><img decoding=\"async\" loading=\"lazy\" style=\"border-top-left-radius: 8px; border-top-right-radius: 8px; border-bottom-right-radius: 8px; border-bottom-left-radius: 8px; margin: 5px 15px;\" src=\"https:\/\/bmwymods.es\/wp-content\/uploads\/2014\/04\/plates-150x112.jpg\" alt=\"plates\" width=\"150\" height=\"112\" \/><\/td>\n<td style=\"width: 250px; height: 50px; text-align: center;\"><span style=\"font-family: sans-serif; font-size: medium;\"><span style=\"font-family: 'arial black', 'avant garde'; font-size: small;\">SEPARADORES 4&#215;100 <span style=\"color: #ff0000;\">10mm<\/span>\u00a0Bmw<span style=\"color: #ff0000;\">Y<\/span>mods\u00a0(e21, e30)<\/span><\/span><\/td>\n<td style=\"text-align: left; width: 70px;\"><\/td>\n<\/tr>\n<tr>\n<td style=\"width: 250px; text-align: center;\" align=\"center\" valign=\"top\">\n<strong>4 Separadores 4&#215;100 10mm<br \/>\norificio 57mm<br \/>\n<\/strong><strong>79\u20ac + 9\u20ac env\u00edo<\/strong><\/td>\n<td style=\"width: 70px; text-align: center;\" valign=\"top\"><strong>Cada pr\u00f3xima pieza solo 1\u20ac (env\u00edo)\u00a0<\/strong><\/td>\n<\/tr>\n<\/tbody>\n<\/table>\n<table id=\"1\" style=\"height: 155px; width: 554px; background-image: url('http:\/\/www.m.passioninmylife.nstrefa.pl\/wp-content\/uploads\/2014\/05\/tabelka-ciemna-ramka1.png');\" border=\"0\" cellspacing=\"0\" cellpadding=\"0\">\n<tbody>\n<tr>\n<td style=\"width: 170px;\" rowspan=\"2\"><img decoding=\"async\" loading=\"lazy\" style=\"border-top-left-radius: 8px; border-top-right-radius: 8px; border-bottom-right-radius: 8px; border-bottom-left-radius: 8px; margin: 5px 15px;\" src=\"https:\/\/bmwymods.es\/wp-content\/uploads\/2014\/04\/plates-150x112.jpg\" alt=\"plates\" width=\"150\" height=\"112\" \/><\/td>\n<td style=\"width: 250px; height: 50px; text-align: center;\"><span style=\"font-family: sans-serif; font-size: medium;\"><span style=\"font-family: 'arial black', 'avant garde'; font-size: small;\">SEPARADORES 4&#215;100 <span style=\"color: #ff0000;\">15mm<\/span>\u00a0\u00a0Bmw<span style=\"color: #ff0000;\">Y<\/span>mods\u00a0(e21, e30)<\/span><\/span><\/td>\n<td style=\"text-align: left; width: 70px;\"><\/td>\n<\/tr>\n<tr>\n<td style=\"width: 250px; text-align: center;\" align=\"center\" valign=\"top\">\n<strong>4 Separadores 4&#215;100 15mm<br \/>\norificio 57mm<br \/>\n<\/strong><strong>89\u20ac + 9\u20ac env\u00edo<\/strong><\/td>\n<td style=\"width: 70px; text-align: center;\" valign=\"top\"><strong>Cada pr\u00f3xima pieza solo 1\u20ac (env\u00edo)\u00a0<\/strong><\/td>\n<\/tr>\n<\/tbody>\n<\/table>\n<table id=\"1\" style=\"height: 155px; width: 554px; background-image: url('http:\/\/www.m.passioninmylife.nstrefa.pl\/wp-content\/uploads\/2014\/05\/tabelka-ciemna-ramka1.png');\" border=\"0\" cellspacing=\"0\" cellpadding=\"0\">\n<tbody>\n<tr>\n<td style=\"width: 170px;\" rowspan=\"2\"><img decoding=\"async\" loading=\"lazy\" style=\"border-top-left-radius: 8px; border-top-right-radius: 8px; border-bottom-right-radius: 8px; border-bottom-left-radius: 8px; margin: 5px 15px;\" src=\"https:\/\/bmwymods.es\/wp-content\/uploads\/2014\/04\/plates-150x112.jpg\" alt=\"plates\" width=\"150\" height=\"112\" \/><\/td>\n<td style=\"width: 250px; height: 50px; text-align: center;\"><span style=\"font-size: small; font-family: 'arial black', 'avant garde';\"><strong>SEPARADORES\u00a04&#215;100<br \/>\n<span style=\"color: #ff0000;\"><strong>20mm<\/strong><\/span>\u00a0Bmw<span style=\"color: #ff0000;\">Y<\/span>mods\u00a0(e21, e30)<\/strong><\/span><\/td>\n<td style=\"text-align: left; width: 70px;\"><\/td>\n<\/tr>\n<tr>\n<td style=\"width: 250px; text-align: center;\" align=\"center\" valign=\"top\">\n<strong>4 Separadores 4&#215;100 20mm<br \/>\norificio 57mm<br \/>\n<\/strong><strong>99\u20ac + 9\u20ac env\u00edo<\/strong><\/td>\n<td style=\"width: 70px; text-align: center;\" valign=\"top\"><strong>Cada pr\u00f3xima pieza solo 1\u20ac (env\u00edo)\u00a0<\/strong><\/td>\n<\/tr>\n<\/tbody>\n<\/table>\n<table id=\"1\" style=\"height: 155px; width: 554px; background-image: url('http:\/\/www.m.passioninmylife.nstrefa.pl\/wp-content\/uploads\/2014\/05\/tabelka-ciemna-ramka1.png');\" border=\"0\" cellspacing=\"0\" cellpadding=\"0\">\n<tbody>\n<tr>\n<td style=\"width: 170px;\" rowspan=\"2\"><img decoding=\"async\" loading=\"lazy\" style=\"border-top-left-radius: 8px; border-top-right-radius: 8px; border-bottom-right-radius: 8px; border-bottom-left-radius: 8px; margin: 5px 15px;\" src=\"https:\/\/bmwymods.es\/wp-content\/uploads\/2014\/04\/plates-150x112.jpg\" alt=\"plates\" width=\"150\" height=\"112\" \/><\/td>\n<td style=\"width: 250px; height: 50px; text-align: center;\"><span style=\"font-size: small; font-family: 'arial black', 'avant garde';\"><strong>SEPARADORES\u00a04&#215;100<br \/>\n<span style=\"color: #ff0000;\"><strong>25mm<\/strong><\/span>\u00a0Bmw<span style=\"color: #ff0000;\">Y<\/span>mods\u00a0(e21, e30)<\/strong><\/span><\/td>\n<td style=\"text-align: left; width: 70px;\"><\/td>\n<\/tr>\n<tr>\n<td style=\"width: 250px; text-align: center;\" align=\"center\" valign=\"top\">\n<strong>4 Separadores 4&#215;100 25mm<br \/>\norificio 57mm<br \/>\n<\/strong><strong>109\u20ac + 9\u20ac env\u00edo<\/strong><\/td>\n<td style=\"width: 70px; text-align: center;\" valign=\"top\"><strong>Cada pr\u00f3xima pieza solo 1\u20ac (env\u00edo)\u00a0<\/strong><\/td>\n<\/tr>\n<\/tbody>\n<\/table>\n<table id=\"1\" style=\"height: 155px; width: 554px; background-image: url('http:\/\/www.m.passioninmylife.nstrefa.pl\/wp-content\/uploads\/2014\/05\/tabelka-ciemna-ramka1.png');\" border=\"0\" cellspacing=\"0\" cellpadding=\"0\">\n<tbody>\n<tr>\n<td style=\"width: 170px;\" rowspan=\"2\"><img decoding=\"async\" loading=\"lazy\" style=\"border-top-left-radius: 8px; border-top-right-radius: 8px; border-bottom-right-radius: 8px; border-bottom-left-radius: 8px; margin: 5px 15px;\" src=\"https:\/\/bmwymods.es\/wp-content\/uploads\/2014\/04\/plates-150x112.jpg\" alt=\"plates\" width=\"150\" height=\"112\" \/><\/td>\n<td style=\"width: 250px; height: 50px; text-align: center;\"><span style=\"font-size: small; font-family: 'arial black', 'avant garde';\"><strong>SEPARADORES\u00a05&#215;120<br \/>\n<span style=\"color: #ff0000;\"><strong>5mm<\/strong><\/span>\u00a0Bmw<span style=\"color: #ff0000;\">Y<\/span>mods\u00a0(e36, e34, e46)<\/strong><\/span><\/td>\n<td style=\"text-align: left; width: 70px;\"><\/td>\n<\/tr>\n<tr>\n<td style=\"width: 250px; text-align: center;\" align=\"center\" valign=\"top\">\n<strong>4 Separadores 5&#215;120 5mm<br \/>\norificio 57mm<br \/>\n<\/strong><strong>74\u20ac + 9\u20ac env\u00edo<\/strong><\/td>\n<td style=\"width: 70px; text-align: center;\" valign=\"top\"><strong>Cada pr\u00f3xima pieza solo 1\u20ac (env\u00edo)\u00a0<\/strong><\/td>\n<\/tr>\n<\/tbody>\n<\/table>\n<table id=\"1\" style=\"height: 155px; width: 554px; background-image: url('http:\/\/www.m.passioninmylife.nstrefa.pl\/wp-content\/uploads\/2014\/05\/tabelka-ciemna-ramka1.png');\" border=\"0\" cellspacing=\"0\" cellpadding=\"0\">\n<tbody>\n<tr>\n<td style=\"width: 170px;\" rowspan=\"2\"><img decoding=\"async\" loading=\"lazy\" style=\"border-top-left-radius: 8px; border-top-right-radius: 8px; border-bottom-right-radius: 8px; border-bottom-left-radius: 8px; margin: 5px 15px;\" src=\"https:\/\/bmwymods.es\/wp-content\/uploads\/2014\/04\/plates-150x112.jpg\" alt=\"plates\" width=\"150\" height=\"112\" \/><\/td>\n<td style=\"width: 250px; height: 50px; text-align: center;\"><span style=\"font-size: small; font-family: 'arial black', 'avant garde';\"><strong>SEPARADORES\u00a05&#215;120<br \/>\n<span style=\"color: #ff0000;\"><strong>10mm<\/strong><\/span>\u00a0Bmw<span style=\"color: #ff0000;\">Y<\/span>mods\u00a0<strong>(e36, e34, e46)<\/strong><\/strong><\/span><\/td>\n<td style=\"text-align: left; width: 70px;\"><\/td>\n<\/tr>\n<tr>\n<td style=\"width: 250px; text-align: center;\" align=\"center\" valign=\"top\">\n<strong>4 Separadores 5&#215;120 10mm<br \/>\norificio 72,5mm<br \/>\n<\/strong><strong>84\u20ac + 9\u20ac env\u00edo<\/strong><\/td>\n<td style=\"width: 70px; text-align: center;\" valign=\"top\"><strong>Cada pr\u00f3xima pieza solo 1\u20ac (env\u00edo)\u00a0<\/strong><\/td>\n<\/tr>\n<\/tbody>\n<\/table>\n<table id=\"1\" style=\"height: 155px; width: 554px; background-image: url('http:\/\/www.m.passioninmylife.nstrefa.pl\/wp-content\/uploads\/2014\/05\/tabelka-ciemna-ramka1.png');\" border=\"0\" cellspacing=\"0\" cellpadding=\"0\">\n<tbody>\n<tr>\n<td style=\"width: 170px;\" rowspan=\"2\"><img decoding=\"async\" loading=\"lazy\" style=\"border-top-left-radius: 8px; border-top-right-radius: 8px; border-bottom-right-radius: 8px; border-bottom-left-radius: 8px; margin: 5px 15px;\" src=\"https:\/\/bmwymods.es\/wp-content\/uploads\/2014\/04\/plates-150x112.jpg\" alt=\"plates\" width=\"150\" height=\"112\" \/><\/td>\n<td style=\"width: 250px; height: 50px; text-align: center;\"><span style=\"font-size: small; font-family: 'arial black', 'avant garde';\"><strong>SEPARADORES\u00a05&#215;120<br \/>\n<span style=\"color: #ff0000;\"><strong>15mm<\/strong><\/span>\u00a0Bmw<span style=\"color: #ff0000;\">Y<\/span>mods\u00a0<strong>(e36, e34, e46)<\/strong><\/strong><\/span><\/td>\n<td style=\"text-align: left; width: 70px;\"><\/td>\n<\/tr>\n<tr>\n<td style=\"width: 250px; text-align: center;\" align=\"center\" valign=\"top\">\n<strong>4 Separadores 5&#215;120 15mm<br \/>\norificio 72,5mm<br \/>\n<\/strong><strong>94\u20ac + 9\u20ac env\u00edo<\/strong><\/td>\n<td style=\"width: 70px; text-align: center;\" valign=\"top\"><strong>Cada pr\u00f3xima pieza solo 1\u20ac (env\u00edo)\u00a0<\/strong><\/td>\n<\/tr>\n<\/tbody>\n<\/table>\n<table id=\"1\" style=\"height: 155px; width: 554px; background-image: url('http:\/\/www.m.passioninmylife.nstrefa.pl\/wp-content\/uploads\/2014\/05\/tabelka-ciemna-ramka1.png');\" border=\"0\" cellspacing=\"0\" cellpadding=\"0\">\n<tbody>\n<tr>\n<td style=\"width: 170px;\" rowspan=\"2\"><img decoding=\"async\" loading=\"lazy\" style=\"border-top-left-radius: 8px; border-top-right-radius: 8px; border-bottom-right-radius: 8px; border-bottom-left-radius: 8px; margin: 5px 15px;\" src=\"https:\/\/bmwymods.es\/wp-content\/uploads\/2014\/04\/plates-150x112.jpg\" alt=\"plates\" width=\"150\" height=\"112\" \/><\/td>\n<td style=\"width: 250px; height: 50px; text-align: center;\"><span style=\"font-size: small; font-family: 'arial black', 'avant garde';\"><strong>SEPARADORES\u00a05&#215;120<br \/>\n<span style=\"color: #ff0000;\"><strong>20mm<\/strong><\/span>\u00a0Bmw<span style=\"color: #ff0000;\">Y<\/span>mods\u00a0<strong>(e36, e34, e46)<\/strong><\/strong><\/span><\/td>\n<td style=\"text-align: left; width: 70px;\"><\/td>\n<\/tr>\n<tr>\n<td style=\"width: 250px; text-align: center;\" align=\"center\" valign=\"top\">\n<strong>4 Separadores 5&#215;120 20mm<br \/>\norificio 57mm + tornillos<br \/>\n<\/strong><strong>113\u20ac + 9\u20ac env\u00edo<\/strong><\/td>\n<td style=\"width: 70px; text-align: center;\" valign=\"top\"><strong>Cada pr\u00f3xima pieza solo 1\u20ac (env\u00edo)\u00a0<\/strong><\/td>\n<\/tr>\n<\/tbody>\n<\/table>\n<table id=\"1\" style=\"height: 155px; width: 554px; background-image: url('http:\/\/www.m.passioninmylife.nstrefa.pl\/wp-content\/uploads\/2014\/05\/tabelka-ciemna-ramka1.png');\" border=\"0\" cellspacing=\"0\" cellpadding=\"0\">\n<tbody>\n<tr>\n<td style=\"width: 170px;\" rowspan=\"2\"><img decoding=\"async\" loading=\"lazy\" style=\"border-top-left-radius: 8px; border-top-right-radius: 8px; border-bottom-right-radius: 8px; border-bottom-left-radius: 8px; margin: 5px 15px;\" src=\"https:\/\/bmwymods.es\/wp-content\/uploads\/2014\/04\/plates-150x112.jpg\" alt=\"plates\" width=\"150\" height=\"112\" \/><\/td>\n<td style=\"width: 250px; height: 50px; text-align: center;\"><span style=\"font-size: small; font-family: 'arial black', 'avant garde';\"><strong>SEPARADORES\u00a05&#215;120<br \/>\n<span style=\"color: #ff0000;\"><strong>25mm<\/strong><\/span>\u00a0Bmw<span style=\"color: #ff0000;\">Y<\/span>mods\u00a0<strong>(e36, e34, e46)<\/strong><\/strong><\/span><\/td>\n<td style=\"text-align: left; width: 70px;\"><\/td>\n<\/tr>\n<tr>\n<td style=\"width: 250px; text-align: center;\" align=\"center\" valign=\"top\">\n<strong>4 Separadores 5&#215;120 25mm<br \/>\norificio 72,5mm<br \/>\n<\/strong><strong>125\u20ac + 9\u20ac env\u00edo<\/strong><\/td>\n<td style=\"width: 70px; text-align: center;\" valign=\"top\"><strong>Cada pr\u00f3xima pieza solo 1\u20ac (env\u00edo)\u00a0<\/strong><\/td>\n<\/tr>\n<\/tbody>\n<\/table>\n<table id=\"1\" style=\"height: 155px; width: 554px; background-image: url('http:\/\/www.m.passioninmylife.nstrefa.pl\/wp-content\/uploads\/2014\/05\/tabelka-ciemna-ramka1.png');\" border=\"0\" cellspacing=\"0\" cellpadding=\"0\">\n<tbody>\n<tr>\n<td style=\"width: 170px;\" rowspan=\"2\"><img decoding=\"async\" loading=\"lazy\" style=\"border-top-left-radius: 8px; border-top-right-radius: 8px; border-bottom-right-radius: 8px; border-bottom-left-radius: 8px; margin: 5px 15px;\" src=\"https:\/\/bmwymods.es\/wp-content\/uploads\/2014\/04\/plates-150x112.jpg\" alt=\"plates\" width=\"150\" height=\"112\" \/><\/td>\n<td style=\"width: 250px; height: 50px; text-align: center;\"><span style=\"font-size: small; font-family: 'arial black', 'avant garde';\"><strong>SEPARADORES<br \/>\nBmw<span style=\"color: #ff0000;\">Y<\/span>mods\u00a0<strong><br \/>\n<\/strong><\/strong><\/span><\/td>\n<td style=\"text-align: left; width: 70px;\"><\/td>\n<\/tr>\n<tr>\n<td style=\"width: 250px; text-align: center;\" align=\"center\" valign=\"top\">Si no encuentras separaderes adecuados<br \/>\npara tu coche preguntanos. Podemos fabricar<br \/>\ncualcuier tipo.info@bmwymods.es<\/td>\n<td style=\"width: 70px; text-align: center;\" valign=\"top\"><strong>\u00a0<\/strong><\/td>\n<\/tr>\n<\/tbody>\n<\/table>\n<p><!--Start of Zopim Live Chat Script--><br \/>\n<script type=\"text\/javascript\">\/\/ <![CDATA[\nwindow.$zopim||(function(d,s){var z=$zopim=function(c){z._.push(c)},$=z.s= d.createElement(s),e=d.getElementsByTagName(s)[0];z.set=function(o){z.set. _.push(o)};z._=[];z.set._=[];$.async=!0;$.setAttribute('charset','utf-8'); $.src='\/\/v2.zopim.com\/?2a5MeTv3ePnFNo9JLBqvh9atBI5H72V8';z.t=+new Date;$. type='text\/javascript';e.parentNode.insertBefore($,e)})(document,'script');<br \/>\n\/\/ ]]><\/script><br \/>\n<!--End of Zopim Live Chat Script--><\/p>\n","protected":false},"excerpt":{"rendered":"<p>Separadores Ymods BmwYmods ofrece separadores de rueda de alumino. Los separadores de ruedas son separadores de metal que se instalan entre la rueda y el \u00e1rea de montaje de la rueda en el eje, reubicando la rueda m\u00e1s alejada del chasis y la suspensi\u00f3n. * Coche es mas estable y se conduce mejor. * Aumentan [&hellip;]<\/p>\n","protected":false},"author":1,"featured_media":0,"parent":0,"menu_order":0,"comment_status":"closed","ping_status":"closed","template":"","meta":[],"_links":{"self":[{"href":"https:\/\/bmwymods.es\/index.php?rest_route=\/wp\/v2\/pages\/2497"}],"collection":[{"href":"https:\/\/bmwymods.es\/index.php?rest_route=\/wp\/v2\/pages"}],"about":[{"href":"https:\/\/bmwymods.es\/index.php?rest_route=\/wp\/v2\/types\/page"}],"author":[{"embeddable":true,"href":"https:\/\/bmwymods.es\/index.php?rest_route=\/wp\/v2\/users\/1"}],"replies":[{"embeddable":true,"href":"https:\/\/bmwymods.es\/index.php?rest_route=%2Fwp%2Fv2%2Fcomments&post=2497"}],"version-history":[{"count":36,"href":"https:\/\/bmwymods.es\/index.php?rest_route=\/wp\/v2\/pages\/2497\/revisions"}],"predecessor-version":[{"id":3775,"href":"https:\/\/bmwymods.es\/index.php?rest_route=\/wp\/v2\/pages\/2497\/revisions\/3775"}],"wp:attachment":[{"href":"https:\/\/bmwymods.es\/index.php?rest_route=%2Fwp%2Fv2%2Fmedia&parent=2497"}],"curies":[{"name":"wp","href":"https:\/\/api.w.org\/{rel}","templated":true}]}}