{"id":2343,"date":"2014-11-19T12:08:16","date_gmt":"2014-11-19T12:08:16","guid":{"rendered":"https:\/\/bmwymods.es\/?page_id=2343"},"modified":"2024-05-15T22:33:24","modified_gmt":"2024-05-15T22:33:24","slug":"salpicadero-bmw-e30","status":"publish","type":"page","link":"https:\/\/bmwymods.es\/?page_id=2343","title":{"rendered":"Salpicadero BMW e30"},"content":{"rendered":"<hr \/>\n<table id=\"1\" style=\"height: 155px; width: 554px; background-image: url('http:\/\/www.m.passioninmylife.nstrefa.pl\/wp-content\/uploads\/2014\/05\/tabelka-ciemna-ramka1.png');\" border=\"0\" cellspacing=\"0\" cellpadding=\"0\">\n<tbody>\n<tr>\n<td style=\"width: 170px; text-align: left;\" rowspan=\"2\" valign=\"middle\"><span style=\"line-height: 1.5;\">Vendemos salpicadero en estado ideal. Sin grietas,<br \/>\n<\/span><span style=\"line-height: 1.5;\">rajas, manchas etc. (para ampliar fotos haz clic )<\/span><\/td>\n<td style=\"width: 250px; height: 50px; text-align: left;\"><span style=\"font-family: sans-serif; font-size: medium;\"><span style=\"font-family: 'arial black', 'avant garde'; font-size: small;\">SALPICADERO BMW e30\u00a0<\/span><br \/>\n<\/span><\/td>\n<td style=\"text-align: left; width: 70px;\"><\/td>\n<\/tr>\n<tr>\n<td style=\"width: 250px; text-align: left;\" valign=\"top\"><strong><img decoding=\"async\" loading=\"lazy\" class=\"size-full wp-image-2918 aligncenter\" src=\"https:\/\/bmwymods.es\/wp-content\/uploads\/2014\/04\/salpicadero-bmw-e30-1.jpg\" alt=\"\" width=\"1036\" height=\"691\" srcset=\"https:\/\/bmwymods.es\/wp-content\/uploads\/2014\/04\/salpicadero-bmw-e30-1.jpg 1036w, https:\/\/bmwymods.es\/wp-content\/uploads\/2014\/04\/salpicadero-bmw-e30-1-150x100.jpg 150w, https:\/\/bmwymods.es\/wp-content\/uploads\/2014\/04\/salpicadero-bmw-e30-1-300x200.jpg 300w, https:\/\/bmwymods.es\/wp-content\/uploads\/2014\/04\/salpicadero-bmw-e30-1-1024x682.jpg 1024w\" sizes=\"(max-width: 1036px) 100vw, 1036px\" \/>Un salpicadero en estado perfecto<\/strong><\/td>\n<td style=\"width: 70px; text-align: center;\" valign=\"top\"><strong><span style=\"font-size: small;\"><br \/>\n<\/span><\/strong><strong><strong>xxx\u20ac<\/strong><\/strong><\/td>\n<\/tr>\n<\/tbody>\n<\/table>\n<p style=\"text-align: center;\"><a href=\"https:\/\/bmwymods.es\/wp-content\/uploads\/2014\/04\/salpicadero-bmw-e30.jpg\"><img decoding=\"async\" loading=\"lazy\" class=\"alignnone size-thumbnail wp-image-2916\" src=\"https:\/\/bmwymods.es\/wp-content\/uploads\/2014\/04\/salpicadero-bmw-e30-150x100.jpg\" alt=\"salpicadero bmw e30\" width=\"150\" height=\"100\" srcset=\"https:\/\/bmwymods.es\/wp-content\/uploads\/2014\/04\/salpicadero-bmw-e30-150x100.jpg 150w, https:\/\/bmwymods.es\/wp-content\/uploads\/2014\/04\/salpicadero-bmw-e30-300x200.jpg 300w, https:\/\/bmwymods.es\/wp-content\/uploads\/2014\/04\/salpicadero-bmw-e30-1024x682.jpg 1024w, https:\/\/bmwymods.es\/wp-content\/uploads\/2014\/04\/salpicadero-bmw-e30.jpg 1036w\" sizes=\"(max-width: 150px) 100vw, 150px\" \/><\/a> <a href=\"https:\/\/bmwymods.es\/wp-content\/uploads\/2014\/04\/salpicadero-bmw-e30-6.jpg\"><img decoding=\"async\" loading=\"lazy\" class=\"alignnone size-thumbnail wp-image-2917\" src=\"https:\/\/bmwymods.es\/wp-content\/uploads\/2014\/04\/salpicadero-bmw-e30-6-150x100.jpg\" alt=\"salpicadero bmw e30 6\" width=\"150\" height=\"100\" srcset=\"https:\/\/bmwymods.es\/wp-content\/uploads\/2014\/04\/salpicadero-bmw-e30-6-150x100.jpg 150w, https:\/\/bmwymods.es\/wp-content\/uploads\/2014\/04\/salpicadero-bmw-e30-6-300x200.jpg 300w, https:\/\/bmwymods.es\/wp-content\/uploads\/2014\/04\/salpicadero-bmw-e30-6-1024x682.jpg 1024w, https:\/\/bmwymods.es\/wp-content\/uploads\/2014\/04\/salpicadero-bmw-e30-6.jpg 1036w\" sizes=\"(max-width: 150px) 100vw, 150px\" \/><\/a> <a href=\"https:\/\/bmwymods.es\/wp-content\/uploads\/2014\/04\/salpicadero-bmw-e30-1.jpg\"><img decoding=\"async\" loading=\"lazy\" class=\"alignnone size-thumbnail wp-image-2918\" src=\"https:\/\/bmwymods.es\/wp-content\/uploads\/2014\/04\/salpicadero-bmw-e30-1-150x100.jpg\" alt=\"salpicadero bmw e30 1\" width=\"150\" height=\"100\" srcset=\"https:\/\/bmwymods.es\/wp-content\/uploads\/2014\/04\/salpicadero-bmw-e30-1-150x100.jpg 150w, https:\/\/bmwymods.es\/wp-content\/uploads\/2014\/04\/salpicadero-bmw-e30-1-300x200.jpg 300w, https:\/\/bmwymods.es\/wp-content\/uploads\/2014\/04\/salpicadero-bmw-e30-1-1024x682.jpg 1024w, https:\/\/bmwymods.es\/wp-content\/uploads\/2014\/04\/salpicadero-bmw-e30-1.jpg 1036w\" sizes=\"(max-width: 150px) 100vw, 150px\" \/><\/a> <a href=\"https:\/\/bmwymods.es\/wp-content\/uploads\/2014\/04\/salpicadero-bmw-e30-7.jpg\"><img decoding=\"async\" loading=\"lazy\" class=\"alignnone size-thumbnail wp-image-2919\" src=\"https:\/\/bmwymods.es\/wp-content\/uploads\/2014\/04\/salpicadero-bmw-e30-7-150x100.jpg\" alt=\"salpicadero bmw e30 7\" width=\"150\" height=\"100\" srcset=\"https:\/\/bmwymods.es\/wp-content\/uploads\/2014\/04\/salpicadero-bmw-e30-7-150x100.jpg 150w, https:\/\/bmwymods.es\/wp-content\/uploads\/2014\/04\/salpicadero-bmw-e30-7-300x200.jpg 300w, https:\/\/bmwymods.es\/wp-content\/uploads\/2014\/04\/salpicadero-bmw-e30-7-1024x682.jpg 1024w, https:\/\/bmwymods.es\/wp-content\/uploads\/2014\/04\/salpicadero-bmw-e30-7.jpg 1036w\" sizes=\"(max-width: 150px) 100vw, 150px\" \/><\/a> <a href=\"https:\/\/bmwymods.es\/wp-content\/uploads\/2014\/04\/salpicadero-bmw-e30-9.jpg\"><img decoding=\"async\" loading=\"lazy\" class=\"alignnone size-thumbnail wp-image-2923\" src=\"https:\/\/bmwymods.es\/wp-content\/uploads\/2014\/04\/salpicadero-bmw-e30-9-150x100.jpg\" alt=\"salpicadero bmw e30 9\" width=\"150\" height=\"100\" srcset=\"https:\/\/bmwymods.es\/wp-content\/uploads\/2014\/04\/salpicadero-bmw-e30-9-150x100.jpg 150w, https:\/\/bmwymods.es\/wp-content\/uploads\/2014\/04\/salpicadero-bmw-e30-9-300x200.jpg 300w, https:\/\/bmwymods.es\/wp-content\/uploads\/2014\/04\/salpicadero-bmw-e30-9-1024x682.jpg 1024w, https:\/\/bmwymods.es\/wp-content\/uploads\/2014\/04\/salpicadero-bmw-e30-9.jpg 1036w\" sizes=\"(max-width: 150px) 100vw, 150px\" \/><\/a> <a href=\"https:\/\/bmwymods.es\/wp-content\/uploads\/2014\/04\/salpicadero-bmw-e30-3.jpg\"><img decoding=\"async\" loading=\"lazy\" class=\"alignnone size-thumbnail wp-image-2922\" src=\"https:\/\/bmwymods.es\/wp-content\/uploads\/2014\/04\/salpicadero-bmw-e30-3-150x100.jpg\" alt=\"salpicadero bmw e30 3\" width=\"150\" height=\"100\" srcset=\"https:\/\/bmwymods.es\/wp-content\/uploads\/2014\/04\/salpicadero-bmw-e30-3-150x100.jpg 150w, https:\/\/bmwymods.es\/wp-content\/uploads\/2014\/04\/salpicadero-bmw-e30-3-300x200.jpg 300w, https:\/\/bmwymods.es\/wp-content\/uploads\/2014\/04\/salpicadero-bmw-e30-3-1024x682.jpg 1024w, https:\/\/bmwymods.es\/wp-content\/uploads\/2014\/04\/salpicadero-bmw-e30-3.jpg 1036w\" sizes=\"(max-width: 150px) 100vw, 150px\" \/><\/a> <a href=\"https:\/\/bmwymods.es\/wp-content\/uploads\/2014\/04\/salpicadero-bmw-e30-8.jpg\"><img decoding=\"async\" loading=\"lazy\" class=\"alignnone size-thumbnail wp-image-2921\" src=\"https:\/\/bmwymods.es\/wp-content\/uploads\/2014\/04\/salpicadero-bmw-e30-8-150x100.jpg\" alt=\"salpicadero bmw e30 8\" width=\"150\" height=\"100\" srcset=\"https:\/\/bmwymods.es\/wp-content\/uploads\/2014\/04\/salpicadero-bmw-e30-8-150x100.jpg 150w, https:\/\/bmwymods.es\/wp-content\/uploads\/2014\/04\/salpicadero-bmw-e30-8-300x200.jpg 300w, https:\/\/bmwymods.es\/wp-content\/uploads\/2014\/04\/salpicadero-bmw-e30-8-1024x682.jpg 1024w, https:\/\/bmwymods.es\/wp-content\/uploads\/2014\/04\/salpicadero-bmw-e30-8.jpg 1036w\" sizes=\"(max-width: 150px) 100vw, 150px\" \/><\/a> <a href=\"https:\/\/bmwymods.es\/wp-content\/uploads\/2014\/04\/salpicadero-bmw-e30-2.jpg\"><img decoding=\"async\" loading=\"lazy\" class=\"alignnone size-thumbnail wp-image-2920\" src=\"https:\/\/bmwymods.es\/wp-content\/uploads\/2014\/04\/salpicadero-bmw-e30-2-150x100.jpg\" alt=\"salpicadero bmw e30 2\" width=\"150\" height=\"100\" srcset=\"https:\/\/bmwymods.es\/wp-content\/uploads\/2014\/04\/salpicadero-bmw-e30-2-150x100.jpg 150w, https:\/\/bmwymods.es\/wp-content\/uploads\/2014\/04\/salpicadero-bmw-e30-2-300x200.jpg 300w, https:\/\/bmwymods.es\/wp-content\/uploads\/2014\/04\/salpicadero-bmw-e30-2-1024x682.jpg 1024w, https:\/\/bmwymods.es\/wp-content\/uploads\/2014\/04\/salpicadero-bmw-e30-2.jpg 1036w\" sizes=\"(max-width: 150px) 100vw, 150px\" \/><\/a> <a href=\"https:\/\/bmwymods.es\/wp-content\/uploads\/2014\/04\/salpicadero-bmw-e30-4.jpg\"><img decoding=\"async\" loading=\"lazy\" class=\"alignnone size-thumbnail wp-image-2924\" src=\"https:\/\/bmwymods.es\/wp-content\/uploads\/2014\/04\/salpicadero-bmw-e30-4-150x100.jpg\" alt=\"salpicadero bmw e30 4\" width=\"150\" height=\"100\" srcset=\"https:\/\/bmwymods.es\/wp-content\/uploads\/2014\/04\/salpicadero-bmw-e30-4-150x100.jpg 150w, https:\/\/bmwymods.es\/wp-content\/uploads\/2014\/04\/salpicadero-bmw-e30-4-300x200.jpg 300w, https:\/\/bmwymods.es\/wp-content\/uploads\/2014\/04\/salpicadero-bmw-e30-4-1024x682.jpg 1024w, https:\/\/bmwymods.es\/wp-content\/uploads\/2014\/04\/salpicadero-bmw-e30-4.jpg 1036w\" sizes=\"(max-width: 150px) 100vw, 150px\" \/><\/a> <a href=\"https:\/\/bmwymods.es\/wp-content\/uploads\/2014\/04\/salpicadero-bmw-e30-10.jpg\"><img decoding=\"async\" loading=\"lazy\" class=\"alignnone size-thumbnail wp-image-2925\" src=\"https:\/\/bmwymods.es\/wp-content\/uploads\/2014\/04\/salpicadero-bmw-e30-10-150x100.jpg\" alt=\"salpicadero bmw e30 10\" width=\"150\" height=\"100\" srcset=\"https:\/\/bmwymods.es\/wp-content\/uploads\/2014\/04\/salpicadero-bmw-e30-10-150x100.jpg 150w, https:\/\/bmwymods.es\/wp-content\/uploads\/2014\/04\/salpicadero-bmw-e30-10-300x200.jpg 300w, https:\/\/bmwymods.es\/wp-content\/uploads\/2014\/04\/salpicadero-bmw-e30-10-1024x682.jpg 1024w, https:\/\/bmwymods.es\/wp-content\/uploads\/2014\/04\/salpicadero-bmw-e30-10.jpg 1036w\" sizes=\"(max-width: 150px) 100vw, 150px\" \/><\/a> <a href=\"https:\/\/bmwymods.es\/wp-content\/uploads\/2014\/04\/salpicadero-bmw-e30-5.jpg\"><img decoding=\"async\" loading=\"lazy\" class=\"alignnone size-thumbnail wp-image-2926\" src=\"https:\/\/bmwymods.es\/wp-content\/uploads\/2014\/04\/salpicadero-bmw-e30-5-150x100.jpg\" alt=\"salpicadero bmw e30 5\" width=\"150\" height=\"100\" srcset=\"https:\/\/bmwymods.es\/wp-content\/uploads\/2014\/04\/salpicadero-bmw-e30-5-150x100.jpg 150w, https:\/\/bmwymods.es\/wp-content\/uploads\/2014\/04\/salpicadero-bmw-e30-5-300x200.jpg 300w, https:\/\/bmwymods.es\/wp-content\/uploads\/2014\/04\/salpicadero-bmw-e30-5-1024x682.jpg 1024w, https:\/\/bmwymods.es\/wp-content\/uploads\/2014\/04\/salpicadero-bmw-e30-5.jpg 1036w\" sizes=\"(max-width: 150px) 100vw, 150px\" \/><\/a> <a href=\"https:\/\/bmwymods.es\/wp-content\/uploads\/2014\/04\/salpicadero-bmw-e30-11.jpg\"><img decoding=\"async\" loading=\"lazy\" class=\"alignnone size-thumbnail wp-image-2927\" src=\"https:\/\/bmwymods.es\/wp-content\/uploads\/2014\/04\/salpicadero-bmw-e30-11-150x100.jpg\" alt=\"salpicadero bmw e30 11\" width=\"150\" height=\"100\" srcset=\"https:\/\/bmwymods.es\/wp-content\/uploads\/2014\/04\/salpicadero-bmw-e30-11-150x100.jpg 150w, https:\/\/bmwymods.es\/wp-content\/uploads\/2014\/04\/salpicadero-bmw-e30-11-300x200.jpg 300w, https:\/\/bmwymods.es\/wp-content\/uploads\/2014\/04\/salpicadero-bmw-e30-11-1024x682.jpg 1024w, https:\/\/bmwymods.es\/wp-content\/uploads\/2014\/04\/salpicadero-bmw-e30-11.jpg 1036w\" sizes=\"(max-width: 150px) 100vw, 150px\" \/><\/a><\/p>\n<p style=\"text-align: center;\">[show_wp_shopping_cart]<\/p>\n<table class=\"left\" style=\"background-color: #fafafa; border-top-left-radius: 8px; border-top-right-radius: 8px; border-bottom-right-radius: 8px; border-bottom-left-radius: 8px;\" border=\"0\" align=\"left\">\n<tbody>\n<tr>\n<td>\n<hr \/>\n<p><strong><span style=\"color: #ff0000;\"><span style=\"font-size: medium;\">COMO COMPRAR:<\/span><\/span><\/strong><\/p>\n<p>Piezas que no tenemos en el stock est\u00e1n disponibles con pedido dentro de 7 d\u00edas (tenemos que fabricar).<br \/>\n<strong style=\"line-height: 1.5;\">Si quieres comprar algo:<\/strong><\/p>\n<ol>\n<li>Haz click\u00a0<img decoding=\"async\" loading=\"lazy\" class=\" wp-image-2370 alignnone\" src=\"https:\/\/bmwymods.es\/wp-content\/uploads\/2014\/11\/ca.jpg\" alt=\"ca\" width=\"79\" height=\"22\" \/>\u00a0puedes pagar con tarjeta\u00a0<strong>d\u00e9bito<\/strong>\u00a0o\u00a0<strong>cr\u00e9dito<\/strong>\u00a0o si tienes con\u00a0<strong>PayPal<\/strong>. \u00a0Es forma m\u00e1s r\u00e1pida y segura de pagar en Internet.<\/li>\n<li><strong>Recuerda!<\/strong> A\u00f1ade en formulario <strong>Direcci\u00f3n de envi\u00f3 y numero de\u00a0tel\u00e9fono.<\/strong><\/li>\n<li>Despu\u00e9s de hacer esto ya tenemos todos datos y preparamos tu pedido.<\/li>\n<\/ol>\n<hr \/>\n<\/td>\n<\/tr>\n<\/tbody>\n<\/table>\n","protected":false},"excerpt":{"rendered":"<p>Vendemos salpicadero en estado ideal. Sin grietas, rajas, manchas etc. (para ampliar fotos haz clic ) SALPICADERO BMW e30\u00a0 Un salpicadero en estado perfecto xxx\u20ac [show_wp_shopping_cart] COMO COMPRAR: Piezas que no tenemos en el stock est\u00e1n disponibles con pedido dentro de 7 d\u00edas (tenemos que fabricar). Si quieres comprar algo: Haz click\u00a0\u00a0puedes pagar con tarjeta\u00a0d\u00e9bito\u00a0o\u00a0cr\u00e9dito\u00a0o [&hellip;]<\/p>\n","protected":false},"author":1,"featured_media":0,"parent":0,"menu_order":0,"comment_status":"closed","ping_status":"closed","template":"","meta":[],"_links":{"self":[{"href":"https:\/\/bmwymods.es\/index.php?rest_route=\/wp\/v2\/pages\/2343"}],"collection":[{"href":"https:\/\/bmwymods.es\/index.php?rest_route=\/wp\/v2\/pages"}],"about":[{"href":"https:\/\/bmwymods.es\/index.php?rest_route=\/wp\/v2\/types\/page"}],"author":[{"embeddable":true,"href":"https:\/\/bmwymods.es\/index.php?rest_route=\/wp\/v2\/users\/1"}],"replies":[{"embeddable":true,"href":"https:\/\/bmwymods.es\/index.php?rest_route=%2Fwp%2Fv2%2Fcomments&post=2343"}],"version-history":[{"count":35,"href":"https:\/\/bmwymods.es\/index.php?rest_route=\/wp\/v2\/pages\/2343\/revisions"}],"predecessor-version":[{"id":3773,"href":"https:\/\/bmwymods.es\/index.php?rest_route=\/wp\/v2\/pages\/2343\/revisions\/3773"}],"wp:attachment":[{"href":"https:\/\/bmwymods.es\/index.php?rest_route=%2Fwp%2Fv2%2Fmedia&parent=2343"}],"curies":[{"name":"wp","href":"https:\/\/api.w.org\/{rel}","templated":true}]}}