{"id":214,"date":"2014-04-07T19:39:12","date_gmt":"2014-04-07T19:39:12","guid":{"rendered":"http:\/\/www.m.passioninmylife.nstrefa.pl\/?page_id=214"},"modified":"2017-10-25T07:44:14","modified_gmt":"2017-10-25T07:44:14","slug":"pagos","status":"publish","type":"page","link":"https:\/\/bmwymods.es\/?page_id=214","title":{"rendered":"Pagos"},"content":{"rendered":"<p>&nbsp;<\/p>\n<table class=\"left\" style=\"background-color: #fafafa; border-top-left-radius: 8px; border-top-right-radius: 8px; border-bottom-right-radius: 8px; border-bottom-left-radius: 8px;\" border=\"0\" align=\"left\">\n<tbody>\n<tr>\n<td><strong>Ingreso \/ Transferencia bancaria<\/strong><br \/>\nPuede pagar mediante un ingreso en efectivo o transferencia bancaria del importe \u00edntegro a favor de la cuenta bancaria titularidad de Y-Mods Europe<br \/>\n<span style=\"color: #ffffff;\">.<\/span><br \/>\n\u00b7\u00a0<strong>Entidad bancaria: <\/strong><br \/>\n\u00b7\u00a0<strong>Beneficiario: <\/strong>Y-Mods Europe<br \/>\n\u00b7\u00a0<strong>Cuenta: \u00a0 <\/strong>Consultar<br \/>\n\u00b7\u00a0<strong>SWIFT <\/strong><br \/>\n<strong>Comprar por tel\u00e9fono<\/strong><br \/>\nTambi\u00e9n podr\u00e1 realizar sus pedidos telef\u00f3nicamente: simplemente elija el producto que desee de la p\u00e1gina web y llame al<strong>\u00a0645 820 513\u00a0<\/strong><br \/>\n<script type=\"text\/javascript\">\/\/ <![CDATA[ (function(i,s,o,g,r,a,m){i['GoogleAnalyticsObject']=r;i[r]=i[r]||function(){ (i[r].q=i[r].q||[]).push(arguments)},i[r].l=1*new Date();a=s.createElement(o), m=s.getElementsByTagName(o)[0];a.async=1;a.src=g;m.parentNode.insertBefore(a,m) })(window,document,'script','\/\/www.google-analytics.com\/analytics.js','ga'); ga('create', 'UA-56873101-1', 'auto'); ga('send', 'pageview'); \/\/ ]]><\/script><\/p>\n<hr \/>\n<\/td>\n<\/tr>\n<\/tbody>\n<\/table>\n","protected":false},"excerpt":{"rendered":"<p>&nbsp; Ingreso \/ Transferencia bancaria Puede pagar mediante un ingreso en efectivo o transferencia bancaria del importe \u00edntegro a favor de la cuenta bancaria titularidad de Y-Mods Europe . \u00b7\u00a0Entidad bancaria: \u00b7\u00a0Beneficiario: Y-Mods Europe \u00b7\u00a0Cuenta: \u00a0 Consultar \u00b7\u00a0SWIFT Comprar por tel\u00e9fono Tambi\u00e9n podr\u00e1 realizar sus pedidos telef\u00f3nicamente: simplemente elija el producto que desee de la [&hellip;]<\/p>\n","protected":false},"author":1,"featured_media":0,"parent":0,"menu_order":0,"comment_status":"closed","ping_status":"closed","template":"","meta":[],"_links":{"self":[{"href":"https:\/\/bmwymods.es\/index.php?rest_route=\/wp\/v2\/pages\/214"}],"collection":[{"href":"https:\/\/bmwymods.es\/index.php?rest_route=\/wp\/v2\/pages"}],"about":[{"href":"https:\/\/bmwymods.es\/index.php?rest_route=\/wp\/v2\/types\/page"}],"author":[{"embeddable":true,"href":"https:\/\/bmwymods.es\/index.php?rest_route=\/wp\/v2\/users\/1"}],"replies":[{"embeddable":true,"href":"https:\/\/bmwymods.es\/index.php?rest_route=%2Fwp%2Fv2%2Fcomments&post=214"}],"version-history":[{"count":26,"href":"https:\/\/bmwymods.es\/index.php?rest_route=\/wp\/v2\/pages\/214\/revisions"}],"predecessor-version":[{"id":3392,"href":"https:\/\/bmwymods.es\/index.php?rest_route=\/wp\/v2\/pages\/214\/revisions\/3392"}],"wp:attachment":[{"href":"https:\/\/bmwymods.es\/index.php?rest_route=%2Fwp%2Fv2%2Fmedia&parent=214"}],"curies":[{"name":"wp","href":"https:\/\/api.w.org\/{rel}","templated":true}]}}