{"id":195,"date":"2014-04-07T18:57:20","date_gmt":"2014-04-07T18:57:20","guid":{"rendered":"http:\/\/www.m.passioninmylife.nstrefa.pl\/?page_id=195"},"modified":"2024-05-15T21:50:11","modified_gmt":"2024-05-15T21:50:11","slug":"silentblock-poliuretano","status":"publish","type":"page","link":"https:\/\/bmwymods.es\/?page_id=195","title":{"rendered":"Sobre pouliretano"},"content":{"rendered":"<p lang=\"es-ES\" style=\"text-align: left;\" xml:lang=\"es-ES\"><strong style=\"font-size: revert; color: initial;\"><span style=\"color: #ff0000;\">Y<\/span><span>mods<\/span>\u00a0<\/strong><span style=\"font-size: revert; color: initial;\">ofrece silentbloc<\/span><span style=\"line-height: 1.5;\">k\u00a0<\/span><span style=\"line-height: 1.5;\">de poliuretano para BMW y otras marcas de coches, tanto modernos como cl\u00e1sicos. Se dividen en dos grupos principales<\/span><strong style=\"line-height: 1.5;\">\u00a0DEUTER\u00a0y\u00a0STRONG<\/strong><span style=\"line-height: 1.5;\">. Esos dos grupos se diferencian por su forma de montaje, pudiendo existir para un veh\u00edculo varias referencias dependiendo del del tipo de montaje y color.<\/span><strong><span style=\"color: #ff0000;\"><img decoding=\"async\" loading=\"lazy\" class=\"size-full wp-image-3287 alignright\" src=\"https:\/\/bmwymods.es\/wp-content\/uploads\/2015\/11\/juego-poliuretano.jpg\" alt=\"\" width=\"1531\" height=\"962\" srcset=\"https:\/\/bmwymods.es\/wp-content\/uploads\/2015\/11\/juego-poliuretano.jpg 1531w, https:\/\/bmwymods.es\/wp-content\/uploads\/2015\/11\/juego-poliuretano-150x94.jpg 150w, https:\/\/bmwymods.es\/wp-content\/uploads\/2015\/11\/juego-poliuretano-300x188.jpg 300w, https:\/\/bmwymods.es\/wp-content\/uploads\/2015\/11\/juego-poliuretano-1024x643.jpg 1024w\" sizes=\"(max-width: 1531px) 100vw, 1531px\" \/><\/span><\/strong><\/p>\n<p style=\"text-align: left;\">Dentro de los dos grupos,<span style=\"line-height: 1.5;\">\u00a0hay diferentes durezas de material.\u00a0<\/span>Nuestra producci\u00f3n se dirige<span style=\"line-height: 1.5;\">\u00a0principalmente a aquellos clientes que hacen un uso intensivo de sus veh\u00edculos y desean ampliar las periodos de mantenimiento de suspensi\u00f3n . Las caracter\u00edsticas deportivas de los componentes de poliuretano hacen que sean ideales para carreras, circuitos, rallys , drift , rallysprint, tandas , time-atack , autocross etc&#8230;<\/span><\/p>\n<p style=\"text-align: left;\"><strong><span style=\"color: #ff0000;\">Elige tu BMW:<br \/>\n<\/span><\/strong>\n<table id=\"tablepress-1\" class=\"tablepress tablepress-id-1\">\n<tbody class=\"row-hover\">\n<tr class=\"row-1\">\n\t<td class=\"column-1\">BMW 3<\/td><td class=\"column-2\"><strong><a href=\"http:\/\/www.m.passioninmylife.nstrefa.pl\/e21\/\">e21<\/a>   <a href=\"http:\/\/www.m.passioninmylife.nstrefa.pl\/silentblock-e30\/\">e30<\/a>  <a href=\"http:\/\/www.m.passioninmylife.nstrefa.pl\/silentblock-e36\/\">e36<\/a>    <a href=\"http:\/\/www.m.passioninmylife.nstrefa.pl\/silentblock-e46\/\">e46<\/a><\/strong><br \/>\n<\/td>\n<\/tr>\n<tr class=\"row-2\">\n\t<td class=\"column-1\">BMW 5<\/td><td class=\"column-2\"><strong><a href=\"http:\/\/www.m.passioninmylife.nstrefa.pl\/silentblock-e12\/\">e12<\/a><\/strong> <strong><a href=\"http:\/\/www.m.passioninmylife.nstrefa.pl\/silentblock-e28\/\">e28<\/a><\/strong>   <strong><a href=\"http:\/\/www.m.passioninmylife.nstrefa.pl\/silentblock-e34\/\">e34<\/a><\/strong>   <strong><a href=\"http:\/\/www.m.passioninmylife.nstrefa.pl\/silentblock-e39\/\">e39<\/a><\/strong><\/td>\n<\/tr>\n<tr class=\"row-3\">\n\t<td class=\"column-1\">BMW 6<\/td><td class=\"column-2\"><strong><a href=\"http:\/\/www.m.passioninmylife.nstrefa.pl\/silentblock-e24\/\">e24<\/a><\/strong><\/td>\n<\/tr>\n<tr class=\"row-4\">\n\t<td class=\"column-1\">BMW 7<\/td><td class=\"column-2\"><strong><a href=\"http:\/\/www.m.passioninmylife.nstrefa.pl\/silentblock-e32\/\">e32<\/a><\/strong>   <strong><a href=\"http:\/\/www.m.passioninmylife.nstrefa.pl\/silentblock-e23\/\">e23<\/a><\/strong><\/td>\n<\/tr>\n<tr class=\"row-5\">\n\t<td class=\"column-1\">BMW Z3<\/td><td class=\"column-2\"><strong><a href=\"http:\/\/www.m.passioninmylife.nstrefa.pl\/silentblock-z3\/\">z3<\/a><\/strong><\/td>\n<\/tr>\n<\/tbody>\n<\/table>\n<!-- #tablepress-1 from cache --><\/p>\n<p style=\"text-align: left;\"><span style=\"color: #000000;\"><strong>Selecci\u00f3n de dureza silentblock:<\/strong><\/span><br \/>\nLa gama de dureza de poliuretano es de 55-95 ShA . Pero las durezas mas comunes son de 65, 75, 85, 90. La elecci\u00f3n de la dureza depende del uso del autom\u00f3vil y los gustos del conductor.<\/p>\n<p lang=\"es-ES\" style=\"text-align: left;\" xml:lang=\"es-ES\"><strong><span style=\"color: #ff0000;\">Series 65 ShA<\/span> \/\u00a0<span style=\"color: #ff6600;\">CONFORT<\/span><\/strong><br \/>\nIndicado para el cliente que quiere mantener la comodidad similar a la conseguida con los silentblocks de serie de caucho ganando en durabilidad.<\/p>\n<p lang=\"es-ES\" style=\"text-align: left;\" xml:lang=\"es-ES\"><strong><span style=\"color: #ff0000;\">Serie 75 ShA<\/span>\u00a0\/\u00a0<span style=\"color: #ff6600;\">CONTROL<\/span><br \/>\n<\/strong>Especialmente indicados para mejorar considerablemente el control del veh\u00edculo sin perder la comodidad de un coche de calle. Esta dureza es ligeramente superior a la que tendr\u00eda de serie un coche actual.<\/p>\n<p lang=\"es-ES\" style=\"text-align: left;\" xml:lang=\"es-ES\"><span style=\"color: #ff0000;\"><strong>Serie 80 ShA<\/strong><\/span><strong>\u00a0\/\u00a0<span style=\"color: #ff6600;\">SPORT<\/span><br \/>\n<\/strong>Esta dureza es la m\u00e1s utilizada ya que ofrece un buen compromiso entre deportividad y confort, pudiendo ser utilizada tanto para competici\u00f3n como para coches deportivos de calle.<\/p>\n<p lang=\"es-ES\" style=\"text-align: left;\" xml:lang=\"es-ES\"><span style=\"color: #ff0000;\"><strong>Serie 90 ShA<\/strong><\/span><strong>\u00a0\/\u00a0<span style=\"color: #ff6600;\">EXTREME<\/span><br \/>\n<\/strong>aplicaci\u00f3n : Alta competici\u00f3n, dureza extrema, carreras sobre pavimentos asf\u00e1lticos , especialmente recomendado para drift .<\/p>\n<p lang=\"es-ES\" style=\"text-align: left;\" xml:lang=\"es-ES\">\u00a0Adem\u00e1s de contar con un amplio stock para los modelos mas demandados, se pueden fabricar espec\u00edficamente para alg\u00fan modelo que no se encuentre en nuestro cat\u00e1logo contando<br \/>\n<span style=\"line-height: 1.5;\">con una muestra del elemento a sustituir. Pudiendo elegir el cliente la dureza y el color.<\/span><\/p>\n<p lang=\"es-ES\" style=\"text-align: left;\" xml:lang=\"es-ES\">\n<p class=\"content\" style=\"color: #dddddd; text-align: left;\" align=\"center\"><span class=\"Estilo3\" style=\"color: #000000;\"><strong>Las ventajasy caracteristicas de las uniones flexibles de poliuretano<\/strong><\/span><\/p>\n<p class=\"Estilo5\" style=\"color: #666666; text-align: left;\"><span class=\"content\" lang=\"es-ES\" style=\"color: #000000;\" xml:lang=\"es-ES\">Tienen propiedades mejores que las uniones flexibles de serie de caucho. Esto garantiza una mayor seguridad, mayor durabilidad , mayor estabilidad del coche y mas precisi\u00f3n en la conducci\u00f3n , y por lo tanto muchos m\u00e1s kil\u00f3metros recorridos sin reparaci\u00f3n.<\/span><\/p>\n<p class=\"content\" lang=\"es-ES\" style=\"color: #dddddd; text-align: left;\" xml:lang=\"es-ES\"><span style=\"color: #000000;\">Nuestros productos se caracterizan por: alta elasticidad en toda la gama de durezas, muy buena resistencia a esfuerzos din\u00e1micos, alta resistencia por desgaste por rozamiento, posibilidad de trabajo en un alto rango de temperaturas ambientales tanto de fr\u00edo como de calor, alta resistencia frente a roturas por estiramientos y agrietamientos, resistencia a \u00e1cidos, aceites, disolventes y cualquier tipo de fluido o agente externo que lo pudiera atacar.<\/span><\/p>\n<p class=\"content\" lang=\"es-ES\" style=\"color: #dddddd; text-align: left;\" xml:lang=\"es-ES\"><span style=\"color: #000000;\">Provocan una eficaz reducci\u00f3n de los gastos de mantenimiento del veh\u00edculo y reducen considerablemente el desgaste de neum\u00e1ticos<\/span><\/p>\n<p class=\"content\" lang=\"es-ES\" style=\"color: #dddddd; text-align: left;\" xml:lang=\"es-ES\"><span style=\"color: #000000;\">Utilizamos un polimero de alta tecnolog\u00eda que se caracterizan por unas especificaciones y par\u00e1metros t\u00e9cnicos que est\u00e1n reemplazando a los elementos de caucho menos eficientes. La alta resistencia y elasticidad de los componentes en temperaturas de hasta 120\u00ba superan con mucho margen el comportamiento de los elementos de goma.<\/span><\/p>\n<p class=\"content\" lang=\"es-ES\" style=\"color: #dddddd; text-align: left;\" xml:lang=\"es-ES\"><span style=\"color: #000000;\"><span class=\"Estilo3\"><strong>Fundamentales ventajas<\/strong><\/span>:<\/span><\/p>\n<ul>\n<li>Prolonga la duraci\u00f3n de los neum\u00e1tico.<\/li>\n<li>Mejora la estabilidad del coche<\/li>\n<li>Mayor precisi\u00f3n en el control del coche<\/li>\n<li>Aumento de la seguridad<\/li>\n<li>Reducci\u00f3n en los gastos de mantenimiento del coche<\/li>\n<li>Alta flexibilidad en toda la gama de dureza<\/li>\n<li>Muy buena resistencia a la carga din\u00e1mica<\/li>\n<li>Alta resistencia a la abrasi\u00f3n<\/li>\n<li>Capacidad de operar en un amplio rango de temperatura: altas en verano y extremadamente bajas en temporada de invierno<\/li>\n<li>Alta resistencia a la rotura y grietas<\/li>\n<li>Resistencia a los aceites, \u00e1cidos, disolventes y condiciones meteorol\u00f3gicas<\/li>\n<\/ul>\n<p><!--Start of Zopim Live Chat Script--><br \/>\n<script type=\"text\/javascript\">\/\/ <![CDATA[\nwindow.$zopim||(function(d,s){var z=$zopim=function(c){z._.push(c)},$=z.s= d.createElement(s),e=d.getElementsByTagName(s)[0];z.set=function(o){z.set. _.push(o)};z._=[];z.set._=[];$.async=!0;$.setAttribute('charset','utf-8'); $.src='\/\/v2.zopim.com\/?2a5MeTv3ePnFNo9JLBqvh9atBI5H72V8';z.t=+new Date;$. type='text\/javascript';e.parentNode.insertBefore($,e)})(document,'script');<br \/>\n\/\/ ]]><\/script><br \/>\n<!--End of Zopim Live Chat Script--><\/p>\n<p><script><br \/>\n  (function(i,s,o,g,r,a,m){i['GoogleAnalyticsObject']=r;i[r]=i[r]||function(){<br \/>\n  (i[r].q=i[r].q||[]).push(arguments)},i[r].l=1*new Date();a=s.createElement(o),<br \/>\n  m=s.getElementsByTagName(o)[0];a.async=1;a.src=g;m.parentNode.insertBefore(a,m)<br \/>\n  })(window,document,'script','\/\/www.google-analytics.com\/analytics.js','ga');<\/p>\n<p>  ga('create', 'UA-56873101-1', 'auto');<br \/>\n  ga('send', 'pageview');<\/p>\n<p><\/script><\/p>\n","protected":false},"excerpt":{"rendered":"<p>Ymods\u00a0ofrece silentblock\u00a0de poliuretano para BMW y otras marcas de coches, tanto modernos como cl\u00e1sicos. Se dividen en dos grupos principales\u00a0DEUTER\u00a0y\u00a0STRONG. Esos dos grupos se diferencian por su forma de montaje, pudiendo existir para un veh\u00edculo varias referencias dependiendo del del tipo de montaje y color. Dentro de los dos grupos,\u00a0hay diferentes durezas de material.\u00a0Nuestra producci\u00f3n [&hellip;]<\/p>\n","protected":false},"author":1,"featured_media":0,"parent":0,"menu_order":0,"comment_status":"closed","ping_status":"closed","template":"","meta":[],"_links":{"self":[{"href":"https:\/\/bmwymods.es\/index.php?rest_route=\/wp\/v2\/pages\/195"}],"collection":[{"href":"https:\/\/bmwymods.es\/index.php?rest_route=\/wp\/v2\/pages"}],"about":[{"href":"https:\/\/bmwymods.es\/index.php?rest_route=\/wp\/v2\/types\/page"}],"author":[{"embeddable":true,"href":"https:\/\/bmwymods.es\/index.php?rest_route=\/wp\/v2\/users\/1"}],"replies":[{"embeddable":true,"href":"https:\/\/bmwymods.es\/index.php?rest_route=%2Fwp%2Fv2%2Fcomments&post=195"}],"version-history":[{"count":37,"href":"https:\/\/bmwymods.es\/index.php?rest_route=\/wp\/v2\/pages\/195\/revisions"}],"predecessor-version":[{"id":3743,"href":"https:\/\/bmwymods.es\/index.php?rest_route=\/wp\/v2\/pages\/195\/revisions\/3743"}],"wp:attachment":[{"href":"https:\/\/bmwymods.es\/index.php?rest_route=%2Fwp%2Fv2%2Fmedia&parent=195"}],"curies":[{"name":"wp","href":"https:\/\/api.w.org\/{rel}","templated":true}]}}